{"id":368,"date":"2021-08-10T15:09:32","date_gmt":"2021-08-10T13:09:32","guid":{"rendered":"http:\/\/hotelgratteciel.com\/?page_id=368"},"modified":"2025-04-01T14:39:45","modified_gmt":"2025-04-01T12:39:45","slug":"chambres","status":"publish","type":"page","link":"http:\/\/hotelgratteciel.com\/?page_id=368","title":{"rendered":"Chambres"},"content":{"rendered":"\t\t<div data-elementor-type=\"wp-page\" data-elementor-id=\"368\" class=\"elementor elementor-368\" data-elementor-settings=\"[]\">\n\t\t\t\t\t\t\t<div class=\"elementor-section-wrap\">\n\t\t\t\t\t\t\t<section class=\"elementor-section elementor-top-section elementor-element elementor-element-9bfd2b7 elementor-section-boxed elementor-section-height-default elementor-section-height-default\" data-id=\"9bfd2b7\" data-element_type=\"section\">\n\t\t\t\t\t\t<div class=\"elementor-container elementor-column-gap-default\">\n\t\t\t\t\t<div class=\"elementor-column elementor-col-100 elementor-top-column elementor-element elementor-element-9ce2801\" data-id=\"9ce2801\" data-element_type=\"column\">\n\t\t\t<div class=\"elementor-widget-wrap elementor-element-populated\">\n\t\t\t\t\t\t\t\t<div class=\"elementor-element elementor-element-791724f elementor-widget elementor-widget-text-editor\" data-id=\"791724f\" data-element_type=\"widget\" data-widget_type=\"text-editor.default\">\n\t\t\t\t<div class=\"elementor-widget-container\">\n\t\t\t\t\t\t\t<h2 style=\"text-align: center;\"><span style=\"color: #ffffff;\"><strong>Profitez du confort moderne<br>d&rsquo;un&nbsp;trois \u00e9toiles<\/strong><\/span><\/h2>\n<h3 style=\"text-align: center;\"><span style=\"color: #ffffff;\">Nos 99 chambres climatis\u00e9es &amp; insonoris\u00e9es sont \u00e9quip\u00e9es de t\u00e9l\u00e9vision \u00e9cran plat, d&rsquo;une connexion wifi tr\u00e8s haut d\u00e9bit gratuite et un garage priv\u00e9 est \u00e9galement \u00e0 votre disposition.<\/span><\/h3>\n<h3 style=\"text-align: center;\"><span style=\"color: #ffffff;\">Un plateau de courtoisie avec bouilloire vous attend \u00e0 votre arriv\u00e9e pour vous laisser le temps d\u2019une pause, apr\u00e8s votre voyage. Autant d&rsquo;\u00e9l\u00e9ments qui font de votre s\u00e9jour, week-end ou de vos vacances un moment d\u2019agr\u00e9able d\u00e9tente.<\/span><\/h3>\t\t\t\t\t\t<\/div>\n\t\t\t\t<\/div>\n\t\t\t\t\t<\/div>\n\t\t<\/div>\n\t\t\t\t\t\t\t<\/div>\n\t\t<\/section>\n\t\t\t\t<section class=\"elementor-section elementor-top-section elementor-element elementor-element-a2d4d46 elementor-section-boxed elementor-section-height-default elementor-section-height-default\" data-id=\"a2d4d46\" data-element_type=\"section\">\n\t\t\t\t\t\t<div class=\"elementor-container elementor-column-gap-default\">\n\t\t\t\t\t<div class=\"elementor-column elementor-col-100 elementor-top-column elementor-element elementor-element-b7e6ff9\" data-id=\"b7e6ff9\" data-element_type=\"column\">\n\t\t\t<div class=\"elementor-widget-wrap elementor-element-populated\">\n\t\t\t\t\t\t\t\t<div class=\"elementor-element elementor-element-2bbb6a7 elementor-tabs-view-vertical elementor-tabs-alignment-stretch elementor-widget elementor-widget-tabs\" data-id=\"2bbb6a7\" data-element_type=\"widget\" data-widget_type=\"tabs.default\">\n\t\t\t\t<div class=\"elementor-widget-container\">\n\t\t\t\t\t<div class=\"elementor-tabs\">\n\t\t\t<div class=\"elementor-tabs-wrapper\" role=\"tablist\" >\n\t\t\t\t\t\t\t\t\t<div id=\"elementor-tab-title-4581\" class=\"elementor-tab-title elementor-tab-desktop-title\" aria-selected=\"true\" data-tab=\"1\" role=\"tab\" tabindex=\"0\" aria-controls=\"elementor-tab-content-4581\" aria-expanded=\"false\">Chambres standard<\/div>\n\t\t\t\t\t\t\t\t\t<div id=\"elementor-tab-title-4582\" class=\"elementor-tab-title elementor-tab-desktop-title\" aria-selected=\"false\" data-tab=\"2\" role=\"tab\" tabindex=\"-1\" aria-controls=\"elementor-tab-content-4582\" aria-expanded=\"false\">Chambres single<\/div>\n\t\t\t\t\t\t\t\t\t<div id=\"elementor-tab-title-4583\" class=\"elementor-tab-title elementor-tab-desktop-title\" aria-selected=\"false\" data-tab=\"3\" role=\"tab\" tabindex=\"-1\" aria-controls=\"elementor-tab-content-4583\" aria-expanded=\"false\">Chambres sup\u00e9rieures grand lit<\/div>\n\t\t\t\t\t\t\t\t\t<div id=\"elementor-tab-title-4584\" class=\"elementor-tab-title elementor-tab-desktop-title\" aria-selected=\"false\" data-tab=\"4\" role=\"tab\" tabindex=\"-1\" aria-controls=\"elementor-tab-content-4584\" aria-expanded=\"false\">Chambres sup\u00e9rieures 2 lits s\u00e9par\u00e9s<\/div>\n\t\t\t\t\t\t\t<\/div>\n\t\t\t<div class=\"elementor-tabs-content-wrapper\" role=\"tablist\" aria-orientation=\"vertical\">\n\t\t\t\t\t\t\t\t\t<div class=\"elementor-tab-title elementor-tab-mobile-title\" aria-selected=\"true\" data-tab=\"1\" role=\"tab\" tabindex=\"0\" aria-controls=\"elementor-tab-content-4581\" aria-expanded=\"false\">Chambres standard<\/div>\n\t\t\t\t\t<div id=\"elementor-tab-content-4581\" class=\"elementor-tab-content elementor-clearfix\" data-tab=\"1\" role=\"tabpanel\" aria-labelledby=\"elementor-tab-title-4581\" tabindex=\"0\" hidden=\"false\"><h2>Chambres Standard<\/h2>\n<p>\u00a0<\/p>\n\n\t\t<style type=\"text\/css\">\n\t\t\t#gallery-1 {\n\t\t\t\tmargin: auto;\n\t\t\t}\n\t\t\t#gallery-1 .gallery-item {\n\t\t\t\tfloat: left;\n\t\t\t\tmargin-top: 10px;\n\t\t\t\ttext-align: center;\n\t\t\t\twidth: 25%;\n\t\t\t}\n\t\t\t#gallery-1 img {\n\t\t\t\tborder: 2px solid #cfcfcf;\n\t\t\t}\n\t\t\t#gallery-1 .gallery-caption {\n\t\t\t\tmargin-left: 0;\n\t\t\t}\n\t\t\t\/* see gallery_shortcode() in wp-includes\/media.php *\/\n\t\t<\/style>\n\t\t<div id='gallery-1' class='gallery galleryid-368 gallery-columns-4 gallery-size-thumbnail'><dl class='gallery-item'>\n\t\t\t<dt class='gallery-icon landscape'>\n\t\t\t\t<a href='http:\/\/hotelgratteciel.com\/?attachment_id=325'><img loading=\"lazy\" decoding=\"async\" width=\"150\" height=\"150\" src=\"http:\/\/hotelgratteciel.com\/wp-content\/uploads\/2021\/08\/DSC_0394-150x150.jpg\" class=\"attachment-thumbnail size-thumbnail\" alt=\"\" \/><\/a>\n\t\t\t<\/dt><\/dl><dl class='gallery-item'>\n\t\t\t<dt class='gallery-icon portrait'>\n\t\t\t\t<a href='http:\/\/hotelgratteciel.com\/?attachment_id=323'><img loading=\"lazy\" decoding=\"async\" width=\"150\" height=\"150\" src=\"http:\/\/hotelgratteciel.com\/wp-content\/uploads\/2021\/08\/DSC_0392-150x150.jpg\" class=\"attachment-thumbnail size-thumbnail\" alt=\"\" \/><\/a>\n\t\t\t<\/dt><\/dl><dl class='gallery-item'>\n\t\t\t<dt class='gallery-icon portrait'>\n\t\t\t\t<a href='http:\/\/hotelgratteciel.com\/?attachment_id=321'><img loading=\"lazy\" decoding=\"async\" width=\"150\" height=\"150\" src=\"http:\/\/hotelgratteciel.com\/wp-content\/uploads\/2021\/08\/DSC_0390-150x150.jpg\" class=\"attachment-thumbnail size-thumbnail\" alt=\"\" \/><\/a>\n\t\t\t<\/dt><\/dl><dl class='gallery-item'>\n\t\t\t<dt class='gallery-icon portrait'>\n\t\t\t\t<a href='http:\/\/hotelgratteciel.com\/?attachment_id=320'><img loading=\"lazy\" decoding=\"async\" width=\"150\" height=\"150\" src=\"http:\/\/hotelgratteciel.com\/wp-content\/uploads\/2021\/08\/DSC_0389-150x150.jpg\" class=\"attachment-thumbnail size-thumbnail\" alt=\"\" \/><\/a>\n\t\t\t<\/dt><\/dl><br style=\"clear: both\" \/><dl class='gallery-item'>\n\t\t\t<dt class='gallery-icon portrait'>\n\t\t\t\t<a href='http:\/\/hotelgratteciel.com\/?attachment_id=317'><img loading=\"lazy\" decoding=\"async\" width=\"150\" height=\"150\" src=\"http:\/\/hotelgratteciel.com\/wp-content\/uploads\/2021\/08\/DSC_0386-150x150.jpg\" class=\"attachment-thumbnail size-thumbnail\" alt=\"\" \/><\/a>\n\t\t\t<\/dt><\/dl><dl class='gallery-item'>\n\t\t\t<dt class='gallery-icon landscape'>\n\t\t\t\t<a href='http:\/\/hotelgratteciel.com\/?attachment_id=315'><img loading=\"lazy\" decoding=\"async\" width=\"150\" height=\"150\" src=\"http:\/\/hotelgratteciel.com\/wp-content\/uploads\/2021\/08\/DSC_0384-150x150.jpg\" class=\"attachment-thumbnail size-thumbnail\" alt=\"\" \/><\/a>\n\t\t\t<\/dt><\/dl><dl class='gallery-item'>\n\t\t\t<dt class='gallery-icon landscape'>\n\t\t\t\t<a href='http:\/\/hotelgratteciel.com\/?attachment_id=311'><img loading=\"lazy\" decoding=\"async\" width=\"150\" height=\"150\" src=\"http:\/\/hotelgratteciel.com\/wp-content\/uploads\/2021\/08\/DSC_0380-150x150.jpg\" class=\"attachment-thumbnail size-thumbnail\" alt=\"\" \/><\/a>\n\t\t\t<\/dt><\/dl><dl class='gallery-item'>\n\t\t\t<dt class='gallery-icon portrait'>\n\t\t\t\t<a href='http:\/\/hotelgratteciel.com\/?attachment_id=309'><img loading=\"lazy\" decoding=\"async\" width=\"150\" height=\"150\" src=\"http:\/\/hotelgratteciel.com\/wp-content\/uploads\/2021\/08\/DSC_0378-150x150.jpg\" class=\"attachment-thumbnail size-thumbnail\" alt=\"\" \/><\/a>\n\t\t\t<\/dt><\/dl><br style=\"clear: both\" \/><dl class='gallery-item'>\n\t\t\t<dt class='gallery-icon landscape'>\n\t\t\t\t<a href='http:\/\/hotelgratteciel.com\/?attachment_id=304'><img loading=\"lazy\" decoding=\"async\" width=\"150\" height=\"150\" src=\"http:\/\/hotelgratteciel.com\/wp-content\/uploads\/2021\/08\/DSC_0373-150x150.jpg\" class=\"attachment-thumbnail size-thumbnail\" alt=\"\" \/><\/a>\n\t\t\t<\/dt><\/dl><dl class='gallery-item'>\n\t\t\t<dt class='gallery-icon landscape'>\n\t\t\t\t<a href='http:\/\/hotelgratteciel.com\/?attachment_id=258'><img loading=\"lazy\" decoding=\"async\" width=\"150\" height=\"150\" src=\"http:\/\/hotelgratteciel.com\/wp-content\/uploads\/2021\/08\/DSC_0327-150x150.jpg\" class=\"attachment-thumbnail size-thumbnail\" alt=\"\" \/><\/a>\n\t\t\t<\/dt><\/dl><dl class='gallery-item'>\n\t\t\t<dt class='gallery-icon landscape'>\n\t\t\t\t<a href='http:\/\/hotelgratteciel.com\/?attachment_id=215'><img loading=\"lazy\" decoding=\"async\" width=\"150\" height=\"150\" src=\"http:\/\/hotelgratteciel.com\/wp-content\/uploads\/2021\/08\/DSC_0284-150x150.jpg\" class=\"attachment-thumbnail size-thumbnail\" alt=\"\" \/><\/a>\n\t\t\t<\/dt><\/dl><dl class='gallery-item'>\n\t\t\t<dt class='gallery-icon landscape'>\n\t\t\t\t<a href='http:\/\/hotelgratteciel.com\/?attachment_id=153'><img loading=\"lazy\" decoding=\"async\" width=\"150\" height=\"119\" src=\"http:\/\/hotelgratteciel.com\/wp-content\/uploads\/2021\/08\/DSC01117_stitch_modifie-1-1.jpg\" class=\"attachment-thumbnail size-thumbnail\" alt=\"Chambre standard\" srcset=\"http:\/\/hotelgratteciel.com\/wp-content\/uploads\/2021\/08\/DSC01117_stitch_modifie-1-1.jpg 7839w, http:\/\/hotelgratteciel.com\/wp-content\/uploads\/2021\/08\/DSC01117_stitch_modifie-1-1-300x237.jpg 300w, http:\/\/hotelgratteciel.com\/wp-content\/uploads\/2021\/08\/DSC01117_stitch_modifie-1-1-1024x810.jpg 1024w, http:\/\/hotelgratteciel.com\/wp-content\/uploads\/2021\/08\/DSC01117_stitch_modifie-1-1-768x607.jpg 768w\" sizes=\"auto, (max-width: 150px) 100vw, 150px\" \/><\/a>\n\t\t\t<\/dt><\/dl><br style=\"clear: both\" \/>\n\t\t<\/div>\n\n<p>\u00a0<\/p>\n<p><a href=\"https:\/\/ariana-69100-booking.myasterio.com\/betemplate\/HOTELMONO\/booking?kml_code=ARIANA-69100&amp;lang=FR&amp;startDate=24%2F08%2F2021&amp;endDate=25%2F08%2F2021\" target=\"_blank\" rel=\"noopener\">R\u00e9server<\/a><\/p><\/div>\n\t\t\t\t\t\t\t\t\t<div class=\"elementor-tab-title elementor-tab-mobile-title\" aria-selected=\"false\" data-tab=\"2\" role=\"tab\" tabindex=\"-1\" aria-controls=\"elementor-tab-content-4582\" aria-expanded=\"false\">Chambres single<\/div>\n\t\t\t\t\t<div id=\"elementor-tab-content-4582\" class=\"elementor-tab-content elementor-clearfix\" data-tab=\"2\" role=\"tabpanel\" aria-labelledby=\"elementor-tab-title-4582\" tabindex=\"0\" hidden=\"hidden\"><p>Lorem ipsum dolor sit amet, consectetur adipiscing elit. Ut elit tellus, luctus nec ullamcorper mattis, pulvinar dapibus leo.<\/p><\/div>\n\t\t\t\t\t\t\t\t\t<div class=\"elementor-tab-title elementor-tab-mobile-title\" aria-selected=\"false\" data-tab=\"3\" role=\"tab\" tabindex=\"-1\" aria-controls=\"elementor-tab-content-4583\" aria-expanded=\"false\">Chambres sup\u00e9rieures grand lit<\/div>\n\t\t\t\t\t<div id=\"elementor-tab-content-4583\" class=\"elementor-tab-content elementor-clearfix\" data-tab=\"3\" role=\"tabpanel\" aria-labelledby=\"elementor-tab-title-4583\" tabindex=\"0\" hidden=\"hidden\">Contenu de l\u2019onglet<\/div>\n\t\t\t\t\t\t\t\t\t<div class=\"elementor-tab-title elementor-tab-mobile-title\" aria-selected=\"false\" data-tab=\"4\" role=\"tab\" tabindex=\"-1\" aria-controls=\"elementor-tab-content-4584\" aria-expanded=\"false\">Chambres sup\u00e9rieures 2 lits s\u00e9par\u00e9s<\/div>\n\t\t\t\t\t<div id=\"elementor-tab-content-4584\" class=\"elementor-tab-content elementor-clearfix\" data-tab=\"4\" role=\"tabpanel\" aria-labelledby=\"elementor-tab-title-4584\" tabindex=\"0\" hidden=\"hidden\">Contenu de l\u2019onglet<\/div>\n\t\t\t\t\t\t\t<\/div>\n\t\t<\/div>\n\t\t\t\t<\/div>\n\t\t\t\t<\/div>\n\t\t\t\t\t<\/div>\n\t\t<\/div>\n\t\t\t\t\t\t\t<\/div>\n\t\t<\/section>\n\t\t\t\t\t\t<\/div>\n\t\t\t\t\t<\/div>\n\t\t","protected":false},"excerpt":{"rendered":"<p>Profitez du confort moderned&rsquo;un&nbsp;trois \u00e9toiles Nos 99 chambres climatis\u00e9es &amp; insonoris\u00e9es sont \u00e9quip\u00e9es de t\u00e9l\u00e9vision \u00e9cran plat, d&rsquo;une connexion wifi tr\u00e8s haut d\u00e9bit gratuite et un garage priv\u00e9 est \u00e9galement \u00e0 votre disposition. Un plateau de courtoisie avec bouilloire vous attend \u00e0 votre arriv\u00e9e pour vous laisser le temps d\u2019une pause, apr\u00e8s votre voyage. Autant [&hellip;]<\/p>\n","protected":false},"author":1,"featured_media":0,"parent":0,"menu_order":0,"comment_status":"closed","ping_status":"closed","template":"","meta":{"footnotes":""},"class_list":["post-368","page","type-page","status-publish","hentry"],"_links":{"self":[{"href":"http:\/\/hotelgratteciel.com\/index.php?rest_route=\/wp\/v2\/pages\/368","targetHints":{"allow":["GET"]}}],"collection":[{"href":"http:\/\/hotelgratteciel.com\/index.php?rest_route=\/wp\/v2\/pages"}],"about":[{"href":"http:\/\/hotelgratteciel.com\/index.php?rest_route=\/wp\/v2\/types\/page"}],"author":[{"embeddable":true,"href":"http:\/\/hotelgratteciel.com\/index.php?rest_route=\/wp\/v2\/users\/1"}],"replies":[{"embeddable":true,"href":"http:\/\/hotelgratteciel.com\/index.php?rest_route=%2Fwp%2Fv2%2Fcomments&post=368"}],"version-history":[{"count":53,"href":"http:\/\/hotelgratteciel.com\/index.php?rest_route=\/wp\/v2\/pages\/368\/revisions"}],"predecessor-version":[{"id":749,"href":"http:\/\/hotelgratteciel.com\/index.php?rest_route=\/wp\/v2\/pages\/368\/revisions\/749"}],"wp:attachment":[{"href":"http:\/\/hotelgratteciel.com\/index.php?rest_route=%2Fwp%2Fv2%2Fmedia&parent=368"}],"curies":[{"name":"wp","href":"https:\/\/api.w.org\/{rel}","templated":true}]}}